{"id":655,"date":"2025-02-25T16:57:31","date_gmt":"2025-02-25T15:57:31","guid":{"rendered":"http:\/\/hotelstein.at.w01ff341.kasserver.com\/?page_id=655"},"modified":"2025-04-18T10:36:34","modified_gmt":"2025-04-18T08:36:34","slug":"gutscheine","status":"publish","type":"page","link":"https:\/\/www.hotelstein.at\/de\/gutscheine\/","title":{"rendered":"Gutscheine"},"content":{"rendered":"\t\t<div data-elementor-type=\"wp-page\" data-elementor-id=\"655\" class=\"elementor elementor-655\" data-elementor-post-type=\"page\">\n\t\t\t\t<main class=\"elementor-element elementor-element-f10722f main p-8 e-flex e-con-boxed e-con e-parent\" data-id=\"f10722f\" data-element_type=\"container\">\n\t\t\t\t\t<div class=\"e-con-inner\">\n\t\t<div class=\"elementor-element elementor-element-a5db893 e-con-full content-grid gap-y-5  align-items-end e-flex e-con e-child\" data-id=\"a5db893\" data-element_type=\"container\">\n\t\t\t\t<div class=\"elementor-element elementor-element-1d93866 grid-heading-info-text mb-0 elementor-widget elementor-widget-heading\" data-id=\"1d93866\" data-element_type=\"widget\" data-aos=\"fade-right\" data-widget_type=\"heading.default\">\n\t\t\t\t<div class=\"elementor-widget-container\">\n\t\t\t\t\t<h1 class=\"elementor-heading-title elementor-size-default\">Freude und Luxus schenken mit den Geschenkgutscheinen vom Hotel Stein<\/h1>\t\t\t\t<\/div>\n\t\t\t\t<\/div>\n\t\t\t\t<div class=\"elementor-element elementor-element-f57c9c9 grid-info-text-subline info-text elementor-widget elementor-widget-heading\" data-id=\"f57c9c9\" data-element_type=\"widget\" data-aos=\"fade-left\" data-aos-delay=\"300\" data-widget_type=\"heading.default\">\n\t\t\t\t<div class=\"elementor-widget-container\">\n\t\t\t\t\t<p class=\"elementor-heading-title elementor-size-default\">Wer die Begeisterung f\u00fcr unser Haus teilt, m\u00f6chte auch andere daran teilhaben lassen. Und was w\u00fcrde sich da besser eignen, als ein Gutschein f\u00fcr einen Aufenthalt in unserem 4 Sterne Hotel Stein in Salzburg?<\/p>\t\t\t\t<\/div>\n\t\t\t\t<\/div>\n\t\t\t\t<\/div>\n\t\t<div class=\"elementor-element elementor-element-4d5f1e7 e-con-full content-grid gap-y-5  align-items-end e-flex e-con e-child\" data-id=\"4d5f1e7\" data-element_type=\"container\">\n\t\t\t\t<div class=\"elementor-element elementor-element-c052d9a elementor-widget elementor-widget-html\" data-id=\"c052d9a\" data-element_type=\"widget\" data-widget_type=\"html.default\">\n\t\t\t\t<div class=\"elementor-widget-container\">\n\t\t\t\t\t<div id=\"myIncertIframe\"><\/div>\n<script type=\"text\/javascript\">\n!function(i,n,c,e,r,t,s,h,o,p){\n  i[e]=i[e]||function(){(i[e].q=i[e].q||[]).push([].slice.call(arguments))},\n  p=n.createElement(c),p.src=r,\n  p.onload=function(){IncertClass.n=e,incertIframe(t,s,h)},n.head.appendChild(p)\n}(window, document, \"SCRIPT\", \"inc\",\n  \"https:\/\/myincert.com\/public\/api\/incertClient.js\", \"myIncertIframe\",\n  \"https:\/\/amadeus5020.traumgutscheine.com\/start.php?language=de&gotoprod=60&style=HOTEL_Stein\");\n<\/script>\t\t\t\t<\/div>\n\t\t\t\t<\/div>\n\t\t\t\t<\/div>\n\t\t\t\t\t<\/div>\n\t\t\t\t<\/main>\n\t\t\t\t<\/div>\n\t\t","protected":false},"excerpt":{"rendered":"<p>Freude und Luxus schenken mit den Geschenkgutscheinen vom Hotel Stein Wer die Begeisterung f\u00fcr unser Haus teilt, m\u00f6chte auch andere daran teilhaben lassen. Und was w\u00fcrde sich da besser eignen, als ein Gutschein f\u00fcr einen Aufenthalt in unserem 4 Sterne Hotel Stein in Salzburg?<\/p>\n","protected":false},"author":1,"featured_media":0,"parent":0,"menu_order":0,"comment_status":"closed","ping_status":"closed","template":"elementor_header_footer","meta":{"_acf_changed":false,"footnotes":""},"class_list":["post-655","page","type-page","status-publish","hentry"],"acf":[],"yoast_head":"<!-- This site is optimized with the Yoast SEO plugin v27.4 - https:\/\/yoast.com\/product\/yoast-seo-wordpress\/ -->\n<title>Geschenkgutscheine f\u00fcr das Hotel Stein in Salzburg<\/title>\n<meta name=\"description\" content=\"\u00dcberraschen Sie Ihre Liebsten mit einem Gutschein f\u00fcr einen luxuri\u00f6sen Urlaub in Salzburg oder besondere Erlebnisse in der Stadt.\" \/>\n<meta name=\"robots\" content=\"index, follow, max-snippet:-1, max-image-preview:large, max-video-preview:-1\" \/>\n<link rel=\"canonical\" href=\"https:\/\/www.hotelstein.at\/de\/gutscheine\/\" \/>\n<meta property=\"og:locale\" content=\"de_DE\" \/>\n<meta property=\"og:type\" content=\"article\" \/>\n<meta property=\"og:title\" content=\"Geschenkgutscheine f\u00fcr das Hotel Stein in Salzburg\" \/>\n<meta property=\"og:description\" content=\"\u00dcberraschen Sie Ihre Liebsten mit einem Gutschein f\u00fcr einen luxuri\u00f6sen Urlaub in Salzburg oder besondere Erlebnisse in der Stadt.\" \/>\n<meta property=\"og:url\" content=\"https:\/\/www.hotelstein.at\/de\/gutscheine\/\" \/>\n<meta property=\"og:site_name\" content=\"Hotel Stein\" \/>\n<meta property=\"article:publisher\" content=\"https:\/\/www.facebook.com\/Hotel.Stein.Salzburg\/\" \/>\n<meta property=\"article:modified_time\" content=\"2025-04-18T08:36:34+00:00\" \/>\n<meta name=\"twitter:card\" content=\"summary_large_image\" \/>\n<meta name=\"twitter:label1\" content=\"Gesch\u00e4tzte Lesezeit\" \/>\n\t<meta name=\"twitter:data1\" content=\"1\u00a0Minute\" \/>\n<script type=\"application\/ld+json\" class=\"yoast-schema-graph\">{\"@context\":\"https:\\\/\\\/schema.org\",\"@graph\":[{\"@type\":\"WebPage\",\"@id\":\"https:\\\/\\\/www.hotelstein.at\\\/de\\\/gutscheine\\\/\",\"url\":\"https:\\\/\\\/www.hotelstein.at\\\/de\\\/gutscheine\\\/\",\"name\":\"Geschenkgutscheine f\u00fcr das Hotel Stein in Salzburg\",\"isPartOf\":{\"@id\":\"https:\\\/\\\/www.hotelstein.at\\\/de\\\/#website\"},\"datePublished\":\"2025-02-25T15:57:31+00:00\",\"dateModified\":\"2025-04-18T08:36:34+00:00\",\"description\":\"\u00dcberraschen Sie Ihre Liebsten mit einem Gutschein f\u00fcr einen luxuri\u00f6sen Urlaub in Salzburg oder besondere Erlebnisse in der Stadt.\",\"breadcrumb\":{\"@id\":\"https:\\\/\\\/www.hotelstein.at\\\/de\\\/gutscheine\\\/#breadcrumb\"},\"inLanguage\":\"de\",\"potentialAction\":[{\"@type\":\"ReadAction\",\"target\":[\"https:\\\/\\\/www.hotelstein.at\\\/de\\\/gutscheine\\\/\"]}]},{\"@type\":\"BreadcrumbList\",\"@id\":\"https:\\\/\\\/www.hotelstein.at\\\/de\\\/gutscheine\\\/#breadcrumb\",\"itemListElement\":[{\"@type\":\"ListItem\",\"position\":1,\"name\":\"Startseite\",\"item\":\"https:\\\/\\\/www.hotelstein.at\\\/de\\\/\"},{\"@type\":\"ListItem\",\"position\":2,\"name\":\"Gutscheine\"}]},{\"@type\":\"WebSite\",\"@id\":\"https:\\\/\\\/www.hotelstein.at\\\/de\\\/#website\",\"url\":\"https:\\\/\\\/www.hotelstein.at\\\/de\\\/\",\"name\":\"Hotel Stein\",\"description\":\"Hotel Stein\",\"publisher\":{\"@id\":\"https:\\\/\\\/www.hotelstein.at\\\/de\\\/#organization\"},\"potentialAction\":[{\"@type\":\"SearchAction\",\"target\":{\"@type\":\"EntryPoint\",\"urlTemplate\":\"https:\\\/\\\/www.hotelstein.at\\\/de\\\/?s={search_term_string}\"},\"query-input\":{\"@type\":\"PropertyValueSpecification\",\"valueRequired\":true,\"valueName\":\"search_term_string\"}}],\"inLanguage\":\"de\"},{\"@type\":\"Organization\",\"@id\":\"https:\\\/\\\/www.hotelstein.at\\\/de\\\/#organization\",\"name\":\"Hotel Stein\",\"url\":\"https:\\\/\\\/www.hotelstein.at\\\/de\\\/\",\"logo\":{\"@type\":\"ImageObject\",\"inLanguage\":\"de\",\"@id\":\"https:\\\/\\\/www.hotelstein.at\\\/de\\\/#\\\/schema\\\/logo\\\/image\\\/\",\"url\":\"https:\\\/\\\/www.hotelstein.at\\\/content\\\/uploads\\\/hotel-stein-logo-short.svg\",\"contentUrl\":\"https:\\\/\\\/www.hotelstein.at\\\/content\\\/uploads\\\/hotel-stein-logo-short.svg\",\"width\":146,\"height\":48,\"caption\":\"Hotel Stein\"},\"image\":{\"@id\":\"https:\\\/\\\/www.hotelstein.at\\\/de\\\/#\\\/schema\\\/logo\\\/image\\\/\"},\"sameAs\":[\"https:\\\/\\\/www.facebook.com\\\/Hotel.Stein.Salzburg\\\/\",\"https:\\\/\\\/www.instagram.com\\\/hotel_stein_salzburg\\\/\"]}]}<\/script>\n<!-- \/ Yoast SEO plugin. -->","yoast_head_json":{"title":"Geschenkgutscheine f\u00fcr das Hotel Stein in Salzburg","description":"\u00dcberraschen Sie Ihre Liebsten mit einem Gutschein f\u00fcr einen luxuri\u00f6sen Urlaub in Salzburg oder besondere Erlebnisse in der Stadt.","robots":{"index":"index","follow":"follow","max-snippet":"max-snippet:-1","max-image-preview":"max-image-preview:large","max-video-preview":"max-video-preview:-1"},"canonical":"https:\/\/www.hotelstein.at\/de\/gutscheine\/","og_locale":"de_DE","og_type":"article","og_title":"Geschenkgutscheine f\u00fcr das Hotel Stein in Salzburg","og_description":"\u00dcberraschen Sie Ihre Liebsten mit einem Gutschein f\u00fcr einen luxuri\u00f6sen Urlaub in Salzburg oder besondere Erlebnisse in der Stadt.","og_url":"https:\/\/www.hotelstein.at\/de\/gutscheine\/","og_site_name":"Hotel Stein","article_publisher":"https:\/\/www.facebook.com\/Hotel.Stein.Salzburg\/","article_modified_time":"2025-04-18T08:36:34+00:00","twitter_card":"summary_large_image","twitter_misc":{"Gesch\u00e4tzte Lesezeit":"1\u00a0Minute"},"schema":{"@context":"https:\/\/schema.org","@graph":[{"@type":"WebPage","@id":"https:\/\/www.hotelstein.at\/de\/gutscheine\/","url":"https:\/\/www.hotelstein.at\/de\/gutscheine\/","name":"Geschenkgutscheine f\u00fcr das Hotel Stein in Salzburg","isPartOf":{"@id":"https:\/\/www.hotelstein.at\/de\/#website"},"datePublished":"2025-02-25T15:57:31+00:00","dateModified":"2025-04-18T08:36:34+00:00","description":"\u00dcberraschen Sie Ihre Liebsten mit einem Gutschein f\u00fcr einen luxuri\u00f6sen Urlaub in Salzburg oder besondere Erlebnisse in der Stadt.","breadcrumb":{"@id":"https:\/\/www.hotelstein.at\/de\/gutscheine\/#breadcrumb"},"inLanguage":"de","potentialAction":[{"@type":"ReadAction","target":["https:\/\/www.hotelstein.at\/de\/gutscheine\/"]}]},{"@type":"BreadcrumbList","@id":"https:\/\/www.hotelstein.at\/de\/gutscheine\/#breadcrumb","itemListElement":[{"@type":"ListItem","position":1,"name":"Startseite","item":"https:\/\/www.hotelstein.at\/de\/"},{"@type":"ListItem","position":2,"name":"Gutscheine"}]},{"@type":"WebSite","@id":"https:\/\/www.hotelstein.at\/de\/#website","url":"https:\/\/www.hotelstein.at\/de\/","name":"Hotel Stein","description":"Hotel Stein","publisher":{"@id":"https:\/\/www.hotelstein.at\/de\/#organization"},"potentialAction":[{"@type":"SearchAction","target":{"@type":"EntryPoint","urlTemplate":"https:\/\/www.hotelstein.at\/de\/?s={search_term_string}"},"query-input":{"@type":"PropertyValueSpecification","valueRequired":true,"valueName":"search_term_string"}}],"inLanguage":"de"},{"@type":"Organization","@id":"https:\/\/www.hotelstein.at\/de\/#organization","name":"Hotel Stein","url":"https:\/\/www.hotelstein.at\/de\/","logo":{"@type":"ImageObject","inLanguage":"de","@id":"https:\/\/www.hotelstein.at\/de\/#\/schema\/logo\/image\/","url":"https:\/\/www.hotelstein.at\/content\/uploads\/hotel-stein-logo-short.svg","contentUrl":"https:\/\/www.hotelstein.at\/content\/uploads\/hotel-stein-logo-short.svg","width":146,"height":48,"caption":"Hotel Stein"},"image":{"@id":"https:\/\/www.hotelstein.at\/de\/#\/schema\/logo\/image\/"},"sameAs":["https:\/\/www.facebook.com\/Hotel.Stein.Salzburg\/","https:\/\/www.instagram.com\/hotel_stein_salzburg\/"]}]}},"_links":{"self":[{"href":"https:\/\/www.hotelstein.at\/de\/wp-json\/wp\/v2\/pages\/655","targetHints":{"allow":["GET"]}}],"collection":[{"href":"https:\/\/www.hotelstein.at\/de\/wp-json\/wp\/v2\/pages"}],"about":[{"href":"https:\/\/www.hotelstein.at\/de\/wp-json\/wp\/v2\/types\/page"}],"author":[{"embeddable":true,"href":"https:\/\/www.hotelstein.at\/de\/wp-json\/wp\/v2\/users\/1"}],"replies":[{"embeddable":true,"href":"https:\/\/www.hotelstein.at\/de\/wp-json\/wp\/v2\/comments?post=655"}],"version-history":[{"count":0,"href":"https:\/\/www.hotelstein.at\/de\/wp-json\/wp\/v2\/pages\/655\/revisions"}],"wp:attachment":[{"href":"https:\/\/www.hotelstein.at\/de\/wp-json\/wp\/v2\/media?parent=655"}],"curies":[{"name":"wp","href":"https:\/\/api.w.org\/{rel}","templated":true}]}}