{"id":635,"date":"2025-02-25T16:55:03","date_gmt":"2025-02-25T15:55:03","guid":{"rendered":"http:\/\/hotelstein.at.w01ff341.kasserver.com\/?page_id=635"},"modified":"2025-07-31T11:51:39","modified_gmt":"2025-07-31T09:51:39","slug":"kulinarik","status":"publish","type":"page","link":"https:\/\/www.hotelstein.at\/de\/kulinarik\/","title":{"rendered":"Kulinarik"},"content":{"rendered":"\t\t<div data-elementor-type=\"wp-page\" data-elementor-id=\"635\" class=\"elementor elementor-635\" data-elementor-post-type=\"page\">\n\t\t\t\t<main class=\"elementor-element elementor-element-1b41fc0 main p-8 e-flex e-con-boxed e-con e-parent\" data-id=\"1b41fc0\" data-element_type=\"container\">\n\t\t\t\t\t<div class=\"e-con-inner\">\n\t\t<div class=\"elementor-element elementor-element-420ba2d e-con-full content-grid e-flex e-con e-child\" data-id=\"420ba2d\" data-element_type=\"container\">\n\t\t\t\t<div class=\"elementor-element elementor-element-6f56745 text-indent mb-0 font-headline font-size-5xl elementor-widget elementor-widget-heading\" data-id=\"6f56745\" data-element_type=\"widget\" data-aos=\"fade-up\" data-widget_type=\"heading.default\">\n\t\t\t\t<div class=\"elementor-widget-container\">\n\t\t\t\t\t<p class=\"elementor-heading-title elementor-size-default\">Steinterrasse Salzburg: Die Rooftop Bar mit Panoramablick \u00fcber die Altstadt<\/p>\t\t\t\t<\/div>\n\t\t\t\t<\/div>\n\t\t\t\t<\/div>\n\t\t<div class=\"elementor-element elementor-element-a6fc7c9 e-con-full content-grid e-flex e-con e-child\" data-id=\"a6fc7c9\" data-element_type=\"container\">\n\t\t\t\t<div class=\"elementor-element elementor-element-e51ebac grid-image-single ratio-9 elementor-widget elementor-widget-image\" data-id=\"e51ebac\" data-element_type=\"widget\" data-widget_type=\"image.default\">\n\t\t\t\t<div class=\"elementor-widget-container\">\n\t\t\t\t\t\t\t\t\t\t\t\t\t\t\t<img fetchpriority=\"high\" decoding=\"async\" width=\"2560\" height=\"1708\" src=\"https:\/\/www.hotelstein.at\/content\/uploads\/fruehstueck-auf-der-dachterrasse-hotel-stein.jpg\" class=\"attachment-full size-full wp-image-1732\" alt=\"Fr\u00fchst\u00fcck auf der Dachterrasse mit einzigartigem Salzburg-Blick.\" srcset=\"https:\/\/www.hotelstein.at\/content\/uploads\/fruehstueck-auf-der-dachterrasse-hotel-stein.jpg 2560w, https:\/\/www.hotelstein.at\/content\/uploads\/fruehstueck-auf-der-dachterrasse-hotel-stein-300x200.jpg 300w, https:\/\/www.hotelstein.at\/content\/uploads\/fruehstueck-auf-der-dachterrasse-hotel-stein-1024x683.jpg 1024w, https:\/\/www.hotelstein.at\/content\/uploads\/fruehstueck-auf-der-dachterrasse-hotel-stein-768x512.jpg 768w, https:\/\/www.hotelstein.at\/content\/uploads\/fruehstueck-auf-der-dachterrasse-hotel-stein-1536x1025.jpg 1536w, https:\/\/www.hotelstein.at\/content\/uploads\/fruehstueck-auf-der-dachterrasse-hotel-stein-2048x1366.jpg 2048w\" sizes=\"(max-width: 2560px) 100vw, 2560px\" \/>\t\t\t\t\t\t\t\t\t\t\t\t\t\t\t<\/div>\n\t\t\t\t<\/div>\n\t\t\t\t<\/div>\n\t\t<div class=\"elementor-element elementor-element-509d38f e-con-full content-grid e-flex e-con e-child\" data-id=\"509d38f\" data-element_type=\"container\">\n\t\t\t\t<div class=\"elementor-element elementor-element-1508165 grid-heading-text font-size-4xl elementor-widget elementor-widget-heading\" data-id=\"1508165\" data-element_type=\"widget\" data-aos=\"fade-right\" data-widget_type=\"heading.default\">\n\t\t\t\t<div class=\"elementor-widget-container\">\n\t\t\t\t\t<h1 class=\"elementor-heading-title elementor-size-default\">Kulinarik im Hotel Stein - Fr\u00fchst\u00fcck auf der Steinterasse<\/h1>\t\t\t\t<\/div>\n\t\t\t\t<\/div>\n\t\t\t\t<div class=\"elementor-element elementor-element-b53424d grid-text elementor-widget elementor-widget-text-editor\" data-id=\"b53424d\" data-element_type=\"widget\" data-aos=\"fade-left\" data-aos-delay=\"300\" data-widget_type=\"text-editor.default\">\n\t\t\t\t<div class=\"elementor-widget-container\">\n\t\t\t\t\t\t\t\t\t<p>Beginnen Sie Ihren Tag mit einem Fr\u00fchst\u00fcck im Hotel Stein Salzburg, das keine W\u00fcnsche offenl\u00e4sst. Unser reichhaltiges Fr\u00fchst\u00fccksbuffet auf der Steinterrasse verw\u00f6hnt Sie t\u00e4glich von 7 bis 11 Uhr. Freuen Sie sich auf feinste regionale K\u00f6stlichkeiten, ofenfrisches Geb\u00e4ck, aromatischen Kaffee und saisonale Spezialit\u00e4ten.<\/p><p>W\u00e4hrend Sie Ihre Mahlzeit genie\u00dfen, liegt Ihnen die gesamte Altstadt Salzburgs zu F\u00fc\u00dfen. Erleben Sie einen atemberaubenden Panoramablick auf die\u00a0<a href=\"https:\/\/www.hotelstein.at\/de\/sehenswertes\/festung-hohensalzburg\/\" target=\"_blank\" rel=\"noopener\">Festung Hohensalzburg<\/a>\u00a0und das gesamte UNESCO-Weltkulturerbe.<\/p>\t\t\t\t\t\t\t\t<\/div>\n\t\t\t\t<\/div>\n\t\t\t\t<\/div>\n\t\t<div class=\"elementor-element elementor-element-3e25919 e-con-full content-grid gap-y-5  align-items-end e-flex e-con e-child\" data-id=\"3e25919\" data-element_type=\"container\">\n\t\t\t\t<div class=\"elementor-element elementor-element-68ba436 image-carousel lg-first-row elementor-arrows-position-inside elementor-pagination-position-outside elementor-widget elementor-widget-image-carousel\" data-id=\"68ba436\" data-element_type=\"widget\" data-settings=\"{&quot;slides_to_show&quot;:&quot;3&quot;,&quot;slides_to_scroll&quot;:&quot;1&quot;,&quot;image_spacing_custom&quot;:{&quot;unit&quot;:&quot;px&quot;,&quot;size&quot;:32,&quot;sizes&quot;:[]},&quot;image_spacing_custom_tablet_extra&quot;:{&quot;unit&quot;:&quot;px&quot;,&quot;size&quot;:32,&quot;sizes&quot;:[]},&quot;image_spacing_custom_tablet&quot;:{&quot;unit&quot;:&quot;px&quot;,&quot;size&quot;:32,&quot;sizes&quot;:[]},&quot;slides_to_show_mobile&quot;:&quot;1&quot;,&quot;slides_to_show_tablet_extra&quot;:&quot;2&quot;,&quot;navigation&quot;:&quot;both&quot;,&quot;speed&quot;:500}\" data-widget_type=\"image-carousel.default\">\n\t\t\t\t<div class=\"elementor-widget-container\">\n\t\t\t\t\t\t\t<div class=\"elementor-image-carousel-wrapper swiper\" role=\"region\" aria-roledescription=\"carousel\" aria-label=\"Bild Karussell\" dir=\"ltr\">\n\t\t\t<div class=\"elementor-image-carousel swiper-wrapper\" aria-live=\"polite\">\n\t\t\t\t\t\t\t\t<div class=\"swiper-slide\" role=\"group\" aria-roledescription=\"slide\" aria-label=\"1 von 3\"><figure class=\"swiper-slide-inner\"><img decoding=\"async\" class=\"swiper-slide-image\" src=\"https:\/\/www.hotelstein.at\/content\/uploads\/fruehstueck-buffet-mit-altstadtblick-altstadthotel-stein.jpg\" alt=\"Reichhaltiges Fr\u00fchst\u00fccksbuffet mit Panoramablick auf die Altstadt.\" \/><\/figure><\/div><div class=\"swiper-slide\" role=\"group\" aria-roledescription=\"slide\" aria-label=\"2 von 3\"><figure class=\"swiper-slide-inner\"><img decoding=\"async\" class=\"swiper-slide-image\" src=\"https:\/\/www.hotelstein.at\/content\/uploads\/genussvolles-fruehstueck-mit-festungsblick-hotel-stein.jpg\" alt=\"Genussvolles Fr\u00fchst\u00fcck mit direktem Blick auf die Festung Hohensalzburg.\" \/><\/figure><\/div><div class=\"swiper-slide\" role=\"group\" aria-roledescription=\"slide\" aria-label=\"3 von 3\"><figure class=\"swiper-slide-inner\"><img decoding=\"async\" class=\"swiper-slide-image\" src=\"https:\/\/www.hotelstein.at\/content\/uploads\/frische-saefte-fruehstueck-hotel-stein.jpg\" alt=\"Frische S\u00e4fte als Teil des exquisiten Fr\u00fchst\u00fccks im Hotel Stein.\" \/><\/figure><\/div>\t\t\t<\/div>\n\t\t\t\t\t\t\t\t\t\t\t\t<div class=\"elementor-swiper-button elementor-swiper-button-prev\" role=\"button\" tabindex=\"0\">\n\t\t\t\t\t\t<svg aria-hidden=\"true\" class=\"e-font-icon-svg e-eicon-chevron-left\" viewBox=\"0 0 1000 1000\" xmlns=\"http:\/\/www.w3.org\/2000\/svg\"><path d=\"M646 125C629 125 613 133 604 142L308 442C296 454 292 471 292 487 292 504 296 521 308 533L604 854C617 867 629 875 646 875 663 875 679 871 692 858 704 846 713 829 713 812 713 796 708 779 692 767L438 487 692 225C700 217 708 204 708 187 708 171 704 154 692 142 675 129 663 125 646 125Z\"><\/path><\/svg>\t\t\t\t\t<\/div>\n\t\t\t\t\t<div class=\"elementor-swiper-button elementor-swiper-button-next\" role=\"button\" tabindex=\"0\">\n\t\t\t\t\t\t<svg aria-hidden=\"true\" class=\"e-font-icon-svg e-eicon-chevron-right\" viewBox=\"0 0 1000 1000\" xmlns=\"http:\/\/www.w3.org\/2000\/svg\"><path d=\"M696 533C708 521 713 504 713 487 713 471 708 454 696 446L400 146C388 133 375 125 354 125 338 125 325 129 313 142 300 154 292 171 292 187 292 204 296 221 308 233L563 492 304 771C292 783 288 800 288 817 288 833 296 850 308 863 321 871 338 875 354 875 371 875 388 867 400 854L696 533Z\"><\/path><\/svg>\t\t\t\t\t<\/div>\n\t\t\t\t\n\t\t\t\t\t\t\t\t\t<div class=\"swiper-pagination\"><\/div>\n\t\t\t\t\t\t\t\t\t<\/div>\n\t\t\t\t\t\t<\/div>\n\t\t\t\t<\/div>\n\t\t\t\t<\/div>\n\t\t<div class=\"elementor-element elementor-element-8e0b17f e-con-full content-grid gap-y-8 e-flex e-con e-child\" data-id=\"8e0b17f\" data-element_type=\"container\">\n\t\t<div class=\"elementor-element elementor-element-d813cdd e-con-full grid-text-left e-flex e-con e-child\" data-id=\"d813cdd\" data-element_type=\"container\" data-aos=\"fade-right\">\n\t\t\t\t<div class=\"elementor-element elementor-element-ac9f81f elementor-widget elementor-widget-heading\" data-id=\"ac9f81f\" data-element_type=\"widget\" data-widget_type=\"heading.default\">\n\t\t\t\t<div class=\"elementor-widget-container\">\n\t\t\t\t\t<h2 class=\"elementor-heading-title elementor-size-default\">Die beste Rooftop Bar in Salzburg<\/h2>\t\t\t\t<\/div>\n\t\t\t\t<\/div>\n\t\t\t\t<div class=\"elementor-element elementor-element-af38e7b elementor-widget elementor-widget-text-editor\" data-id=\"af38e7b\" data-element_type=\"widget\" data-widget_type=\"text-editor.default\">\n\t\t\t\t<div class=\"elementor-widget-container\">\n\t\t\t\t\t\t\t\t\t<p>Ausgezeichnet von Falstaff als \u201eRooftop Bar des Jahres 2024\u201c, vereint die Steinterrasse im 7. Stock des legend\u00e4ren\u00a0<a href=\"https:\/\/www.hotelstein.at\/de\/das-hotel\/\" target=\"_blank\" rel=\"noopener\">Hotel Stein<\/a>\u00a0in Salzburg modernes Design, eine entspannte Atmosph\u00e4re und gehobene Gastronomie auf h\u00f6chstem Niveau. Sie ist zweifellos die beste Rooftop Bar in Salzburg!<\/p><p>Doch nicht nur morgens ist die Dachterrasse im Hotel Stein Salzburg ein Highlight. Unter der kulinarischen Leitung von Starkoch Andreas Senn bietet unser Rooftop-Restaurant ein erstklassiges Gastronomiekonzept. Inspiriert von internationalen Einfl\u00fcssen und regionalen Zutaten, entstehen hier kreative Gerichte, die in Erinnerung bleiben und den Gaumen verw\u00f6hnen.<\/p><p>Egal ob f\u00fcr einen stilvollen Business-Lunch, einen entspannten Sundowner oder einen genussvollen Abend \u00fcber den D\u00e4chern Salzburgs \u2013 die Steinterrasse vereint gehobene K\u00fcche, stilvolles Ambiente und den besten Blick der Stadt.<\/p>\t\t\t\t\t\t\t\t<\/div>\n\t\t\t\t<\/div>\n\t\t\t\t<div class=\"elementor-element elementor-element-f9fd84d btn-tertiary elementor-widget elementor-widget-button\" data-id=\"f9fd84d\" data-element_type=\"widget\" data-widget_type=\"button.default\">\n\t\t\t\t<div class=\"elementor-widget-container\">\n\t\t\t\t\t\t\t\t\t<div class=\"elementor-button-wrapper\">\n\t\t\t\t\t<a class=\"elementor-button elementor-button-link elementor-size-sm\" href=\"https:\/\/www.steinterrasse.com\/\" target=\"_blank\">\n\t\t\t\t\t\t<span class=\"elementor-button-content-wrapper\">\n\t\t\t\t\t\t\t\t\t<span class=\"elementor-button-text\">Mehr erfahren<\/span>\n\t\t\t\t\t<\/span>\n\t\t\t\t\t<\/a>\n\t\t\t\t<\/div>\n\t\t\t\t\t\t\t\t<\/div>\n\t\t\t\t<\/div>\n\t\t\t\t<\/div>\n\t\t\t\t<\/div>\n\t\t\t\t\t<\/div>\n\t\t\t\t<\/main>\n\t\t\t\t<\/div>\n\t\t","protected":false},"excerpt":{"rendered":"<p>Legend\u00e4re Rooftop-Location: Die beliebteste Dachterrasse in Salzburg mit dem besten Blick \u00fcber die T\u00fcrme und Kuppeln der Altstadt. Kulinarik im Hotel Stein &#8211; Fr\u00fchst\u00fcck auf der Steinterasse Starten Sie Ihren Tag mit einem Fr\u00fchst\u00fcck, das keine W\u00fcnsche offenl\u00e4sst. Das reichhaltige Fr\u00fchst\u00fccksbuffet auf der Steinterrasse verw\u00f6hnt Sie t\u00e4glich von 7 bis 11 Uhr mit feinsten regionalen [&hellip;]<\/p>\n","protected":false},"author":1,"featured_media":0,"parent":0,"menu_order":0,"comment_status":"closed","ping_status":"closed","template":"elementor_header_footer","meta":{"_acf_changed":false,"footnotes":""},"class_list":["post-635","page","type-page","status-publish","hentry"],"acf":[],"yoast_head":"<!-- This site is optimized with the Yoast SEO plugin v27.5 - https:\/\/yoast.com\/product\/yoast-seo-wordpress\/ -->\n<title>Rooftop Bar mit Stadtblick | Dachterrasse Salzburg<\/title>\n<meta name=\"description\" content=\"Erleben Sie die Steinterrasse in Salzburg\u25ba Genie\u00dfen Sie gehobene K\u00fcche oder Drinks in der Rooftop Bar des Hotel Stein.\" \/>\n<meta name=\"robots\" content=\"index, follow, max-snippet:-1, max-image-preview:large, max-video-preview:-1\" \/>\n<link rel=\"canonical\" href=\"https:\/\/www.hotelstein.at\/de\/kulinarik\/\" \/>\n<meta property=\"og:locale\" content=\"de_DE\" \/>\n<meta property=\"og:type\" content=\"article\" \/>\n<meta property=\"og:title\" content=\"Rooftop Bar mit Stadtblick | Dachterrasse Salzburg\" \/>\n<meta property=\"og:description\" content=\"Erleben Sie die Steinterrasse in Salzburg\u25ba Genie\u00dfen Sie gehobene K\u00fcche oder Drinks in der Rooftop Bar des Hotel Stein.\" \/>\n<meta property=\"og:url\" content=\"https:\/\/www.hotelstein.at\/de\/kulinarik\/\" \/>\n<meta property=\"og:site_name\" content=\"Hotel Stein\" \/>\n<meta property=\"article:publisher\" content=\"https:\/\/www.facebook.com\/Hotel.Stein.Salzburg\/\" \/>\n<meta property=\"article:modified_time\" content=\"2025-07-31T09:51:39+00:00\" \/>\n<meta property=\"og:image\" content=\"http:\/\/www.hotelstein.at\/content\/uploads\/fruehstueck-auf-der-dachterrasse-hotel-stein.jpg\" \/>\n<meta name=\"twitter:card\" content=\"summary_large_image\" \/>\n<meta name=\"twitter:label1\" content=\"Gesch\u00e4tzte Lesezeit\" \/>\n\t<meta name=\"twitter:data1\" content=\"2\u00a0Minuten\" \/>\n<script type=\"application\/ld+json\" class=\"yoast-schema-graph\">{\"@context\":\"https:\\\/\\\/schema.org\",\"@graph\":[{\"@type\":\"WebPage\",\"@id\":\"https:\\\/\\\/www.hotelstein.at\\\/de\\\/kulinarik\\\/\",\"url\":\"https:\\\/\\\/www.hotelstein.at\\\/de\\\/kulinarik\\\/\",\"name\":\"Rooftop Bar mit Stadtblick | Dachterrasse Salzburg\",\"isPartOf\":{\"@id\":\"https:\\\/\\\/www.hotelstein.at\\\/de\\\/#website\"},\"primaryImageOfPage\":{\"@id\":\"https:\\\/\\\/www.hotelstein.at\\\/de\\\/kulinarik\\\/#primaryimage\"},\"image\":{\"@id\":\"https:\\\/\\\/www.hotelstein.at\\\/de\\\/kulinarik\\\/#primaryimage\"},\"thumbnailUrl\":\"http:\\\/\\\/www.hotelstein.at\\\/content\\\/uploads\\\/fruehstueck-auf-der-dachterrasse-hotel-stein.jpg\",\"datePublished\":\"2025-02-25T15:55:03+00:00\",\"dateModified\":\"2025-07-31T09:51:39+00:00\",\"description\":\"Erleben Sie die Steinterrasse in Salzburg\u25ba Genie\u00dfen Sie gehobene K\u00fcche oder Drinks in der Rooftop Bar des Hotel Stein.\",\"breadcrumb\":{\"@id\":\"https:\\\/\\\/www.hotelstein.at\\\/de\\\/kulinarik\\\/#breadcrumb\"},\"inLanguage\":\"de\",\"potentialAction\":[{\"@type\":\"ReadAction\",\"target\":[\"https:\\\/\\\/www.hotelstein.at\\\/de\\\/kulinarik\\\/\"]}]},{\"@type\":\"ImageObject\",\"inLanguage\":\"de\",\"@id\":\"https:\\\/\\\/www.hotelstein.at\\\/de\\\/kulinarik\\\/#primaryimage\",\"url\":\"http:\\\/\\\/www.hotelstein.at\\\/content\\\/uploads\\\/fruehstueck-auf-der-dachterrasse-hotel-stein.jpg\",\"contentUrl\":\"http:\\\/\\\/www.hotelstein.at\\\/content\\\/uploads\\\/fruehstueck-auf-der-dachterrasse-hotel-stein.jpg\"},{\"@type\":\"BreadcrumbList\",\"@id\":\"https:\\\/\\\/www.hotelstein.at\\\/de\\\/kulinarik\\\/#breadcrumb\",\"itemListElement\":[{\"@type\":\"ListItem\",\"position\":1,\"name\":\"Startseite\",\"item\":\"https:\\\/\\\/www.hotelstein.at\\\/de\\\/\"},{\"@type\":\"ListItem\",\"position\":2,\"name\":\"Kulinarik\"}]},{\"@type\":\"WebSite\",\"@id\":\"https:\\\/\\\/www.hotelstein.at\\\/de\\\/#website\",\"url\":\"https:\\\/\\\/www.hotelstein.at\\\/de\\\/\",\"name\":\"Hotel Stein\",\"description\":\"Hotel Stein\",\"publisher\":{\"@id\":\"https:\\\/\\\/www.hotelstein.at\\\/de\\\/#organization\"},\"potentialAction\":[{\"@type\":\"SearchAction\",\"target\":{\"@type\":\"EntryPoint\",\"urlTemplate\":\"https:\\\/\\\/www.hotelstein.at\\\/de\\\/?s={search_term_string}\"},\"query-input\":{\"@type\":\"PropertyValueSpecification\",\"valueRequired\":true,\"valueName\":\"search_term_string\"}}],\"inLanguage\":\"de\"},{\"@type\":\"Organization\",\"@id\":\"https:\\\/\\\/www.hotelstein.at\\\/de\\\/#organization\",\"name\":\"Hotel Stein\",\"url\":\"https:\\\/\\\/www.hotelstein.at\\\/de\\\/\",\"logo\":{\"@type\":\"ImageObject\",\"inLanguage\":\"de\",\"@id\":\"https:\\\/\\\/www.hotelstein.at\\\/de\\\/#\\\/schema\\\/logo\\\/image\\\/\",\"url\":\"https:\\\/\\\/www.hotelstein.at\\\/content\\\/uploads\\\/hotel-stein-logo-short.svg\",\"contentUrl\":\"https:\\\/\\\/www.hotelstein.at\\\/content\\\/uploads\\\/hotel-stein-logo-short.svg\",\"width\":146,\"height\":48,\"caption\":\"Hotel Stein\"},\"image\":{\"@id\":\"https:\\\/\\\/www.hotelstein.at\\\/de\\\/#\\\/schema\\\/logo\\\/image\\\/\"},\"sameAs\":[\"https:\\\/\\\/www.facebook.com\\\/Hotel.Stein.Salzburg\\\/\",\"https:\\\/\\\/www.instagram.com\\\/hotel_stein_salzburg\\\/\"]}]}<\/script>\n<!-- \/ Yoast SEO plugin. -->","yoast_head_json":{"title":"Rooftop Bar mit Stadtblick | Dachterrasse Salzburg","description":"Erleben Sie die Steinterrasse in Salzburg\u25ba Genie\u00dfen Sie gehobene K\u00fcche oder Drinks in der Rooftop Bar des Hotel Stein.","robots":{"index":"index","follow":"follow","max-snippet":"max-snippet:-1","max-image-preview":"max-image-preview:large","max-video-preview":"max-video-preview:-1"},"canonical":"https:\/\/www.hotelstein.at\/de\/kulinarik\/","og_locale":"de_DE","og_type":"article","og_title":"Rooftop Bar mit Stadtblick | Dachterrasse Salzburg","og_description":"Erleben Sie die Steinterrasse in Salzburg\u25ba Genie\u00dfen Sie gehobene K\u00fcche oder Drinks in der Rooftop Bar des Hotel Stein.","og_url":"https:\/\/www.hotelstein.at\/de\/kulinarik\/","og_site_name":"Hotel Stein","article_publisher":"https:\/\/www.facebook.com\/Hotel.Stein.Salzburg\/","article_modified_time":"2025-07-31T09:51:39+00:00","og_image":[{"url":"http:\/\/www.hotelstein.at\/content\/uploads\/fruehstueck-auf-der-dachterrasse-hotel-stein.jpg","type":"","width":"","height":""}],"twitter_card":"summary_large_image","twitter_misc":{"Gesch\u00e4tzte Lesezeit":"2\u00a0Minuten"},"schema":{"@context":"https:\/\/schema.org","@graph":[{"@type":"WebPage","@id":"https:\/\/www.hotelstein.at\/de\/kulinarik\/","url":"https:\/\/www.hotelstein.at\/de\/kulinarik\/","name":"Rooftop Bar mit Stadtblick | Dachterrasse Salzburg","isPartOf":{"@id":"https:\/\/www.hotelstein.at\/de\/#website"},"primaryImageOfPage":{"@id":"https:\/\/www.hotelstein.at\/de\/kulinarik\/#primaryimage"},"image":{"@id":"https:\/\/www.hotelstein.at\/de\/kulinarik\/#primaryimage"},"thumbnailUrl":"http:\/\/www.hotelstein.at\/content\/uploads\/fruehstueck-auf-der-dachterrasse-hotel-stein.jpg","datePublished":"2025-02-25T15:55:03+00:00","dateModified":"2025-07-31T09:51:39+00:00","description":"Erleben Sie die Steinterrasse in Salzburg\u25ba Genie\u00dfen Sie gehobene K\u00fcche oder Drinks in der Rooftop Bar des Hotel Stein.","breadcrumb":{"@id":"https:\/\/www.hotelstein.at\/de\/kulinarik\/#breadcrumb"},"inLanguage":"de","potentialAction":[{"@type":"ReadAction","target":["https:\/\/www.hotelstein.at\/de\/kulinarik\/"]}]},{"@type":"ImageObject","inLanguage":"de","@id":"https:\/\/www.hotelstein.at\/de\/kulinarik\/#primaryimage","url":"http:\/\/www.hotelstein.at\/content\/uploads\/fruehstueck-auf-der-dachterrasse-hotel-stein.jpg","contentUrl":"http:\/\/www.hotelstein.at\/content\/uploads\/fruehstueck-auf-der-dachterrasse-hotel-stein.jpg"},{"@type":"BreadcrumbList","@id":"https:\/\/www.hotelstein.at\/de\/kulinarik\/#breadcrumb","itemListElement":[{"@type":"ListItem","position":1,"name":"Startseite","item":"https:\/\/www.hotelstein.at\/de\/"},{"@type":"ListItem","position":2,"name":"Kulinarik"}]},{"@type":"WebSite","@id":"https:\/\/www.hotelstein.at\/de\/#website","url":"https:\/\/www.hotelstein.at\/de\/","name":"Hotel Stein","description":"Hotel Stein","publisher":{"@id":"https:\/\/www.hotelstein.at\/de\/#organization"},"potentialAction":[{"@type":"SearchAction","target":{"@type":"EntryPoint","urlTemplate":"https:\/\/www.hotelstein.at\/de\/?s={search_term_string}"},"query-input":{"@type":"PropertyValueSpecification","valueRequired":true,"valueName":"search_term_string"}}],"inLanguage":"de"},{"@type":"Organization","@id":"https:\/\/www.hotelstein.at\/de\/#organization","name":"Hotel Stein","url":"https:\/\/www.hotelstein.at\/de\/","logo":{"@type":"ImageObject","inLanguage":"de","@id":"https:\/\/www.hotelstein.at\/de\/#\/schema\/logo\/image\/","url":"https:\/\/www.hotelstein.at\/content\/uploads\/hotel-stein-logo-short.svg","contentUrl":"https:\/\/www.hotelstein.at\/content\/uploads\/hotel-stein-logo-short.svg","width":146,"height":48,"caption":"Hotel Stein"},"image":{"@id":"https:\/\/www.hotelstein.at\/de\/#\/schema\/logo\/image\/"},"sameAs":["https:\/\/www.facebook.com\/Hotel.Stein.Salzburg\/","https:\/\/www.instagram.com\/hotel_stein_salzburg\/"]}]}},"_links":{"self":[{"href":"https:\/\/www.hotelstein.at\/de\/wp-json\/wp\/v2\/pages\/635","targetHints":{"allow":["GET"]}}],"collection":[{"href":"https:\/\/www.hotelstein.at\/de\/wp-json\/wp\/v2\/pages"}],"about":[{"href":"https:\/\/www.hotelstein.at\/de\/wp-json\/wp\/v2\/types\/page"}],"author":[{"embeddable":true,"href":"https:\/\/www.hotelstein.at\/de\/wp-json\/wp\/v2\/users\/1"}],"replies":[{"embeddable":true,"href":"https:\/\/www.hotelstein.at\/de\/wp-json\/wp\/v2\/comments?post=635"}],"version-history":[{"count":2,"href":"https:\/\/www.hotelstein.at\/de\/wp-json\/wp\/v2\/pages\/635\/revisions"}],"predecessor-version":[{"id":3272,"href":"https:\/\/www.hotelstein.at\/de\/wp-json\/wp\/v2\/pages\/635\/revisions\/3272"}],"wp:attachment":[{"href":"https:\/\/www.hotelstein.at\/de\/wp-json\/wp\/v2\/media?parent=635"}],"curies":[{"name":"wp","href":"https:\/\/api.w.org\/{rel}","templated":true}]}}